{"id":564,"date":"2022-01-20T13:23:23","date_gmt":"2022-01-20T13:23:23","guid":{"rendered":"https:\/\/deutsch-lernen-mit-julia.com\/?page_id=564"},"modified":"2025-08-06T19:50:46","modified_gmt":"2025-08-06T19:50:46","slug":"agb","status":"publish","type":"page","link":"https:\/\/deutsch-lernen-mit-julia.com\/en\/agb\/","title":{"rendered":"AGB"},"content":{"rendered":"<div data-elementor-type=\"wp-page\" data-elementor-id=\"564\" class=\"elementor elementor-564\" data-elementor-post-type=\"page\">\n\t\t\t\t<div class=\"elementor-element elementor-element-43db44f e-flex e-con-boxed e-con e-parent\" data-id=\"43db44f\" data-element_type=\"container\" data-e-type=\"container\">\n\t\t\t\t\t<div class=\"e-con-inner\">\n\t\t\t\t<div class=\"elementor-element elementor-element-413c13a elementor-widget elementor-widget-spacer\" data-id=\"413c13a\" data-element_type=\"widget\" data-e-type=\"widget\" data-widget_type=\"spacer.default\">\n\t\t\t\t<div class=\"elementor-widget-container\">\n\t\t\t\t\t\t\t<div class=\"elementor-spacer\">\n\t\t\t<div class=\"elementor-spacer-inner\"><\/div>\n\t\t<\/div>\n\t\t\t\t\t\t<\/div>\n\t\t\t\t<\/div>\n\t\t\t\t\t<\/div>\n\t\t\t\t<\/div>\n\t\t<div class=\"elementor-element elementor-element-b05121a e-flex e-con-boxed e-con e-parent\" data-id=\"b05121a\" data-element_type=\"container\" data-e-type=\"container\">\n\t\t\t\t\t<div class=\"e-con-inner\">\n\t\t\t\t<div class=\"elementor-element elementor-element-c2239bd elementor-widget elementor-widget-heading\" data-id=\"c2239bd\" data-element_type=\"widget\" data-e-type=\"widget\" data-widget_type=\"heading.default\">\n\t\t\t\t<div class=\"elementor-widget-container\">\n\t\t\t\t\t<h2 class=\"elementor-heading-title elementor-size-default\">Allgemeine Gesch\u00e4ftsbedingungen<\/h2>\t\t\t\t<\/div>\n\t\t\t\t<\/div>\n\t\t\t\t\t<\/div>\n\t\t\t\t<\/div>\n\t\t<div class=\"elementor-element elementor-element-fddb116 e-flex e-con-boxed e-con e-parent\" data-id=\"fddb116\" data-element_type=\"container\" data-e-type=\"container\">\n\t\t\t\t\t<div class=\"e-con-inner\">\n\t\t\t\t<div class=\"elementor-element elementor-element-fd97742 elementor-widget elementor-widget-text-editor\" data-id=\"fd97742\" data-element_type=\"widget\" data-e-type=\"widget\" data-widget_type=\"text-editor.default\">\n\t\t\t\t<div class=\"elementor-widget-container\">\n\t\t\t\t\t\t\t\t\t<p>Online Sprachschule \u201eDeutsch lernen mit Julia\u201c<\/p>\n<p>Inh. Julia Kiepurning<br \/>In der Sandkaul 31a<br \/>66822 Lebach<\/p>\n<p><!-- \/wp:paragraph --><!-- wp:spacer {\"height\":57} --><\/p>\n<div class=\"wp-block-spacer\" aria-hidden=\"true\">\u00a0<\/div>\n<p><!-- \/wp:spacer --><!-- wp:paragraph --><\/p>\n<p>Lesen Sie bitte sorgf\u00e4ltig unsere Allgemeinen Gesch\u00e4ftsbedingungen (AGBs) der Sprachschule \u201eDeutsch lernen mit Julia\u201c.<\/p>\n<p>\u00a0<\/p>\n<h2><strong>\u00a7 1 \u2013 Geltungsbereich<\/strong><\/h2>\n<p><!-- \/wp:heading --><!-- wp:paragraph --><\/p>\n<p>Die vorliegenden AGB gelten f\u00fcr alle auf unserer Webseite erworbenen Produkte sowie f\u00fcr gebuchte Sprachkurse. Unsere Produkte richten sich ausschlie\u00dflich an Verbraucher.<\/p>\n<p><!-- \/wp:paragraph --><!-- wp:paragraph --><\/p>\n<p>Als Verbraucher gilt, wer eine Bestellung nicht aufgrund seiner gewerblichen, selbstst\u00e4ndigen oder freiberuflichen T\u00e4tigkeit ausf\u00fchrt.<\/p>\n<p><!-- \/wp:paragraph --><!-- wp:paragraph --><\/p>\n<p>F\u00fcr die Abwicklung eines mit uns abgeschlossenen Vertrages ist jeweils die Fassung der AGB ma\u00dfgeblich, die zum Zeitpunkt der Bestellung g\u00fcltig war.<\/p>\n<h2><strong>\u00a7 2 \u2013 Vertragsschluss<\/strong><\/h2>\n<p><!-- \/wp:heading --><!-- wp:paragraph --><\/p>\n<p>Durch die Anmeldung zu einem Kurs\u00a0und die anschlie\u00dfende Best\u00e4tigung durch uns erfolgt ein Vertragsschluss zwischen dem Kunden und unserer Sprachschule. Die Anmeldung erfolgt \u00fcber die Online-Formulare.<\/p>\n<p><!-- \/wp:paragraph --><!-- wp:paragraph --><\/p>\n<p>Durch die Anmeldung verpflichtet sich der Kunde, die Kursgeb\u00fchren vor Kursbeginn vollst\u00e4ndig zu begleichen. Bei einer Ratenzahlung ist die erste Rate vor Kursbeginn zu begleichen. Die Bezahlung kann per Bank\u00fcberweisung get\u00e4tigt werden.<\/p>\n<p><!-- \/wp:paragraph --><!-- wp:spacer {\"height\":51} --><\/p>\n<div class=\"wp-block-spacer\" aria-hidden=\"true\">\n<p><!-- \/wp:heading --><!-- wp:spacer {\"height\":55} --><\/p>\n<p><!-- \/wp:spacer --><!-- wp:paragraph --><\/p>\n<p><!-- \/wp:paragraph --><!-- wp:spacer {\"height\":15} --><\/p>\n<p><!-- \/wp:spacer --><!-- wp:heading --><\/p>\n<p><!-- \/wp:spacer --><!-- wp:heading --><\/p>\n<p><!-- \/wp:paragraph --><!-- wp:spacer {\"height\":42} --><\/p>\n<p><!-- \/wp:spacer --><!-- wp:heading --><\/p>\n<h2><strong>\u00a7 3 \u2013 Preise und Zahlung<\/strong><\/h2>\n<p><!-- \/wp:heading --><!-- wp:paragraph --><\/p>\n<p>Die Preise auf unserer Webseite und in unserem Shop sind in Euro angegeben.<\/p>\n<p><!-- \/wp:paragraph --><!-- wp:paragraph --><\/p>\n<p>Es gelten jeweils die zum Kaufzeitpunkt auf der Webseite und im Shop ausgeschriebenen Preise. Sp\u00e4tere Preisanpassungen oder tempor\u00e4re Rabatte k\u00f6nnen nicht r\u00fcckwirkend erstattet werden.<\/p>\n<p><!-- \/wp:paragraph --><!-- wp:paragraph --><\/p>\n<p>Die Zahlungsart variiert je nach Produkt.<\/p>\n<p><!-- \/wp:paragraph --><!-- wp:paragraph --><\/p>\n<p>Bei Sprachkursen, die Live \u00fcber eine Videokonferenz stattfinden und feste Start- und Enddaten haben, kann der Kunde per PayPal, Kreditkarte, SEPA-Lastschrift oder auf Rechnung bezahlen.<\/p>\n<p><!-- \/wp:paragraph --><!-- wp:paragraph --><\/p>\n<p>Bei Kauf von digitalen Produkten, wie beispielsweise E-Books oder Selbstlernkurse, stehen nur PayPal und Kreditkarte als Zahlungsarten zur Verf\u00fcgung.<\/p>\n<p><!-- \/wp:paragraph --><!-- wp:paragraph --><\/p>\n<p>Wird die Zahlung per \u201ePayPal\u201c vereinbart, dann erfolgt die Abwicklung der Zahlung \u00fcber den Zahlungsdienstleister PayPal (Europe) S.\u00e0 r.l. et Cie, S.C.A., 22-24 Boulevard Royal, L-2449 Luxembourg (nachfolgend PayPal). Es gelten die Nutzungsbedingungen von PayPal. F\u00fcr Nutzer, die \u00fcber ein PayPal Konto verf\u00fcgen, finden sich diese Nutzungsbedingungen unter <a href=\"https:\/\/www.paypal.com\/de\/webapps\/mpp\/ua\/useragreement-full\">https:\/\/www.paypal.com\/de\/webapps\/mpp\/ua\/useragreement-full<\/a>.<\/p>\n<p><!-- \/wp:paragraph --><!-- wp:paragraph --><\/p>\n<p>Wird die Zahlung mit Kreditkarte vereinbart, dann erfolgt die Abwicklung der Zahlung \u00fcber den Anbieter ablefy GmbH, Potsdamer Stra\u00dfe 125, 10783 Berlin, Deutschland. Es gelten die Nutzungsbedingungen von ablefy. Die Nutzungsbedingungen von ablefy finden sich unter <a href=\"https:\/\/myablefy.com\/terms?locale=de\">https:\/\/myablefy.com\/terms?locale=de<\/a><\/p>\n<p><!-- \/wp:paragraph --><!-- wp:spacer {\"height\":55} --><\/p>\n<p><!-- \/wp:spacer --><!-- wp:heading --><\/p>\n<h2><strong>\u00a7 4 \u2013 F\u00e4lligkeit der Zahlung und Stornierung<\/strong><\/h2>\n<p><!-- \/wp:heading --><!-- wp:paragraph --><\/p>\n<p>Die F\u00e4lligkeit des Rechnungsbetrags variiert je nach erworbenem Produkt.<\/p>\n<p><!-- \/wp:paragraph --><!-- wp:paragraph --><\/p>\n<p>Bei <strong>digitalen Produkten<\/strong>, wie E-Books oder Selbstlernkurse, ist der Rechnungsbetrag <strong>sofort f\u00e4llig<\/strong>. Da diese Produkte direkt ausgeliefert werden und dem Kunden unmittelbar zur Verf\u00fcgung stehen, verzichtet der Kunde mit dem Kauf auf sein Widerrufsrecht.<\/p>\n<p><!-- \/wp:paragraph --><!-- wp:paragraph --><\/p>\n<p>Bei <strong>Live-Sprachkursen<\/strong>, die \u00fcber eine Videokonferenz stattfinden, gilt ein Zahlungsziel von <strong>14 Tagen ab Buchung<\/strong>. Der Rechnungsbetrag muss <strong>vor Beginn des Kurses<\/strong> vollst\u00e4ndig beglichen sein. Bei Ratenzahlung muss die erste Rate vor Beginn des Kurses beglichen sein. Ansonsten behalten wir uns das Recht vor, den Buchungsvertrag aufzuheben und den Kunden vom Kurs auszuschlie\u00dfen. F\u00fcr den Kunden gilt das <strong>gesetzliche Widerrufsrecht<\/strong> von 14 Tagen ab Buchung. Um Ihr Widerrufsrecht auszu\u00fcben, m\u00fcssen Sie uns (Julia Kiepurning, In der Sandkaul 31a, 66822 Lebach, Mail.: info@deutsch-lernen-mit-julia.de) mittels einer eindeutigen Erkl\u00e4rung (z.B. ein mit der Post versandter Brief oder E-Mail) \u00fcber Ihren Entschluss, diesen Vertrag zu widerrufen, informieren. Die blo\u00dfe Abwesenheit in einem Kurs gilt nicht als Abmeldung, wodurch die Pflicht zur Begleichung der Kursgeb\u00fchr erhalten bleibt.<\/p>\n<p><!-- \/wp:paragraph --><!-- wp:spacer {\"height\":48} --><\/p>\n<p><!-- \/wp:spacer --><!-- wp:heading --><\/p>\n<h2><strong>\u00a7 5 \u2013 Spezielle Bestimmungen f\u00fcr Deutschkurse<\/strong><\/h2>\n<p><!-- \/wp:heading --><!-- wp:paragraph --><\/p>\n<p>Bei <strong>Einzelstunden<\/strong> kann der Kunde selbst bestimmen, wie viele Stunden er buchen m\u00f6chte. Die Unterrichtsstunde bei Einzelunterricht betr\u00e4gt <strong>60 Minuten<\/strong>. Die Terminfindung erfolgt \u00fcber einen Zugang zu unserem Kalender, in dem die freien Zeiten ersichtlich sind. Kann ein vereinbarter Termin nicht wahrgenommen werden, muss dieser sp\u00e4testens am <strong>Vortag bis 18:00 Uhr<\/strong> deutscher Zeit abgesagt werden. In diesem Fall wird der Termin neu festgelegt, wodurch die Unterrichtsstunden verschoben werden. Wird der Termin zu sp\u00e4t oder nicht abgesagt, besteht kein Anspruch auf die Nachholung der verpassten Unterrichtsstunden.<\/p>\n<p><!-- \/wp:paragraph --><!-- wp:paragraph --><\/p>\n<p>Bei <strong>Gruppenkursen<\/strong> kann der Kunde die Kursdetails, wie Kurszeit, Dauer, Preis und Umfang der Unterrichtseinheiten, der Webseite entnehmen. Die Unterrichtsstunde bei allen regul\u00e4r stattfindenden Gruppenkursen betr\u00e4gt <strong>45 Minuten.<\/strong><\/p>\n<p><!-- \/wp:paragraph --><!-- wp:paragraph --><\/p>\n<p>Bei <strong>Live-Unterricht<\/strong> \u00fcber eine <strong>Videokonferenz-Software<\/strong> ist es zwingend erforderlich, dass der Kunde \u00fcber ein geeignetes Endger\u00e4t (PC, Laptop oder Tablet \u2013 nicht Smartphone!) verf\u00fcgt und die Kamera, au\u00dfer in Einzelf\u00e4llen, eingeschaltet ist. Weitere Voraussetzungen sind ein funktionierendes Mikrofon am Endger\u00e4t sowie eine stabile Internetverbindung. Sind diese Voraussetzungen nicht erf\u00fcllt, kann aufgrund dessen keine kostenfreie Stornierung nach Kursstart erfolgen. Der Kunde erkl\u00e4rt sich mit Buchung au\u00dferdem einverstanden, dass kurze Videosequenzen oder Screenshots zur Benutzung auf der Webseite oder in Social Media verwendet werden d\u00fcrfen. Dazu k\u00f6nnen einzelne Videokonferenzen <strong>aufgezeichnet<\/strong> werden. Ist der Kunde mit der Ver\u00f6ffentlichung nicht einverstanden, kann sein Gesicht nach schriftlicher Aufforderung unkenntlich gemacht werden.<\/p>\n<p><!-- \/wp:paragraph --><!-- wp:paragraph --><\/p>\n<p>Unsere Sprachschule verpflichtet f\u00fcr die Durchf\u00fchrung der Kurse haupts\u00e4chlich muttersprachliche Lehrkr\u00e4fte oder Lehrkr\u00e4fte mit nachgewiesenem C2-Niveau. Ein Anspruch auf die Unterrichtung durch eine bestimmte Lehrkraft besteht nicht.<\/p>\n<p><!-- \/wp:paragraph --><!-- wp:paragraph --><\/p>\n<p>Wird f\u00fcr einen Sprachkurs die <strong>Mindestteilnehmerzahl<\/strong> nicht erreicht, so beh\u00e4lt es sich unsere Sprachschule vor, den Kurs zu annullieren oder zu verschieben. Bei einer Annullierung des Kurses wird die bezahlte Kursgeb\u00fchr des Teilnehmers r\u00fcckerstattet, falls dieser sich mit einer Verschiebung des Kurses nicht einverstanden erkl\u00e4rt.<\/p>\n<p><!-- \/wp:paragraph --><!-- wp:paragraph --><\/p>\n<p>An gesetzlichen <strong>Feiertagen<\/strong> in Deutschland findet kein Unterricht f\u00fcr Gruppenkurse statt. Die Unterrichtsstunden werden am Ende des Kurses nachgeholt. Somit wird sich die gebuchte Unterrichtszeit nicht \u00e4ndern. Unsere Sprachschule \u00fcbernimmt keine Verantwortung f\u00fcr den individuellen <strong>Lernerfolg<\/strong> des Kunden. Wir unterst\u00fctzen gerne bei der Vorbereitung auf externe Pr\u00fcfungen, der jeweilige Erfolg h\u00e4ngt jedoch vom Engagement des Teilnehmers ab und kann von uns weder garantiert werden, noch k\u00f6nnen hier etwaige Schadensersatzforderungen gegen uns geltend gemacht werden.<\/p>\n<\/div>\t\t\t\t\t\t\t\t<\/div>\n\t\t\t\t<\/div>\n\t\t\t\t\t<\/div>\n\t\t\t\t<\/div>\n\t\t\t\t<\/div>","protected":false},"excerpt":{"rendered":"<p>Allgemeine Gesch\u00e4ftsbedingungen Online Sprachschule \u201eDeutsch lernen mit Julia\u201c Inh. Julia KiepurningIn der Sandkaul 31a66822 Lebach \u00a0 Lesen Sie bitte sorgf\u00e4ltig unsere Allgemeinen Gesch\u00e4ftsbedingungen (AGBs) der Sprachschule \u201eDeutsch lernen mit Julia\u201c. \u00a0 \u00a7 1 \u2013 Geltungsbereich Die vorliegenden AGB gelten f\u00fcr alle auf unserer Webseite erworbenen Produkte sowie f\u00fcr gebuchte Sprachkurse. Unsere Produkte richten sich ausschlie\u00dflich [&hellip;]<\/p>\n","protected":false},"author":1,"featured_media":0,"parent":0,"menu_order":0,"comment_status":"closed","ping_status":"closed","template":"elementor_theme","meta":{"ocean_post_layout":"","ocean_both_sidebars_style":"","ocean_both_sidebars_content_width":0,"ocean_both_sidebars_sidebars_width":0,"ocean_sidebar":"0","ocean_second_sidebar":"0","ocean_disable_margins":"enable","ocean_add_body_class":"","ocean_shortcode_before_top_bar":"","ocean_shortcode_after_top_bar":"","ocean_shortcode_before_header":"","ocean_shortcode_after_header":"","ocean_has_shortcode":"","ocean_shortcode_after_title":"","ocean_shortcode_before_footer_widgets":"","ocean_shortcode_after_footer_widgets":"","ocean_shortcode_before_footer_bottom":"","ocean_shortcode_after_footer_bottom":"","ocean_display_top_bar":"off","ocean_display_header":"on","ocean_header_style":"minimal","ocean_center_header_left_menu":"0","ocean_custom_header_template":"0","ocean_custom_logo":0,"ocean_custom_retina_logo":0,"ocean_custom_logo_max_width":0,"ocean_custom_logo_tablet_max_width":0,"ocean_custom_logo_mobile_max_width":0,"ocean_custom_logo_max_height":0,"ocean_custom_logo_tablet_max_height":0,"ocean_custom_logo_mobile_max_height":0,"ocean_header_custom_menu":"0","ocean_menu_typo_font_family":"0","ocean_menu_typo_font_subset":"","ocean_menu_typo_font_size":0,"ocean_menu_typo_font_size_tablet":0,"ocean_menu_typo_font_size_mobile":0,"ocean_menu_typo_font_size_unit":"px","ocean_menu_typo_font_weight":"","ocean_menu_typo_font_weight_tablet":"","ocean_menu_typo_font_weight_mobile":"","ocean_menu_typo_transform":"","ocean_menu_typo_transform_tablet":"","ocean_menu_typo_transform_mobile":"","ocean_menu_typo_line_height":0,"ocean_menu_typo_line_height_tablet":0,"ocean_menu_typo_line_height_mobile":0,"ocean_menu_typo_line_height_unit":"","ocean_menu_typo_spacing":0,"ocean_menu_typo_spacing_tablet":0,"ocean_menu_typo_spacing_mobile":0,"ocean_menu_typo_spacing_unit":"","ocean_menu_link_color":"","ocean_menu_link_color_hover":"","ocean_menu_link_color_active":"","ocean_menu_link_background":"","ocean_menu_link_hover_background":"","ocean_menu_link_active_background":"","ocean_menu_social_links_bg":"","ocean_menu_social_hover_links_bg":"","ocean_menu_social_links_color":"","ocean_menu_social_hover_links_color":"","ocean_disable_title":"default","ocean_disable_heading":"default","ocean_post_title":"","ocean_post_subheading":"","ocean_post_title_style":"","ocean_post_title_background_color":"","ocean_post_title_background":0,"ocean_post_title_bg_image_position":"","ocean_post_title_bg_image_attachment":"","ocean_post_title_bg_image_repeat":"","ocean_post_title_bg_image_size":"","ocean_post_title_height":0,"ocean_post_title_bg_overlay":0.5,"ocean_post_title_bg_overlay_color":"","ocean_disable_breadcrumbs":"default","ocean_breadcrumbs_color":"","ocean_breadcrumbs_separator_color":"","ocean_breadcrumbs_links_color":"","ocean_breadcrumbs_links_hover_color":"","ocean_display_footer_widgets":"default","ocean_display_footer_bottom":"default","ocean_custom_footer_template":"0","footnotes":""},"class_list":["post-564","page","type-page","status-publish","hentry","entry"],"jetpack_sharing_enabled":true,"_links":{"self":[{"href":"https:\/\/deutsch-lernen-mit-julia.com\/en\/wp-json\/wp\/v2\/pages\/564","targetHints":{"allow":["GET"]}}],"collection":[{"href":"https:\/\/deutsch-lernen-mit-julia.com\/en\/wp-json\/wp\/v2\/pages"}],"about":[{"href":"https:\/\/deutsch-lernen-mit-julia.com\/en\/wp-json\/wp\/v2\/types\/page"}],"author":[{"embeddable":true,"href":"https:\/\/deutsch-lernen-mit-julia.com\/en\/wp-json\/wp\/v2\/users\/1"}],"replies":[{"embeddable":true,"href":"https:\/\/deutsch-lernen-mit-julia.com\/en\/wp-json\/wp\/v2\/comments?post=564"}],"version-history":[{"count":4,"href":"https:\/\/deutsch-lernen-mit-julia.com\/en\/wp-json\/wp\/v2\/pages\/564\/revisions"}],"predecessor-version":[{"id":2414,"href":"https:\/\/deutsch-lernen-mit-julia.com\/en\/wp-json\/wp\/v2\/pages\/564\/revisions\/2414"}],"wp:attachment":[{"href":"https:\/\/deutsch-lernen-mit-julia.com\/en\/wp-json\/wp\/v2\/media?parent=564"}],"curies":[{"name":"wp","href":"https:\/\/api.w.org\/{rel}","templated":true}]}}