{"id":30,"date":"2021-11-20T16:50:20","date_gmt":"2021-11-20T16:50:20","guid":{"rendered":"http:\/\/deutsch-lernen-mit-julia.com\/willkommen-auf-http-deutsch-lernen-mit-julia-com\/"},"modified":"2025-08-07T06:59:16","modified_gmt":"2025-08-07T06:59:16","slug":"willkommen-auf-http-deutsch-lernen-mit-julia-com","status":"publish","type":"page","link":"https:\/\/deutsch-lernen-mit-julia.com\/en\/","title":{"rendered":"Deutsch lernen mit Julia"},"content":{"rendered":"<div data-elementor-type=\"wp-page\" data-elementor-id=\"30\" class=\"elementor elementor-30\" data-elementor-post-type=\"page\">\n\t\t\t\t\t\t<section class=\"elementor-section elementor-top-section elementor-element elementor-element-5d5017d6 elementor-section-boxed elementor-section-height-default elementor-section-height-default\" data-id=\"5d5017d6\" data-element_type=\"section\" data-e-type=\"section\">\n\t\t\t\t\t\t<div class=\"elementor-container elementor-column-gap-default\">\n\t\t\t\t\t<div class=\"elementor-column elementor-col-100 elementor-top-column elementor-element elementor-element-18c30295\" data-id=\"18c30295\" data-element_type=\"column\" data-e-type=\"column\">\n\t\t\t<div class=\"elementor-widget-wrap elementor-element-populated\">\n\t\t\t\t\t\t<section class=\"elementor-section elementor-inner-section elementor-element elementor-element-782133b elementor-section-boxed elementor-section-height-default elementor-section-height-default\" data-id=\"782133b\" data-element_type=\"section\" data-e-type=\"section\">\n\t\t\t\t\t\t<div class=\"elementor-container elementor-column-gap-default\">\n\t\t\t\t\t<div class=\"elementor-column elementor-col-50 elementor-inner-column elementor-element elementor-element-e2f88aa\" data-id=\"e2f88aa\" data-element_type=\"column\" data-e-type=\"column\">\n\t\t\t<div class=\"elementor-widget-wrap elementor-element-populated\">\n\t\t\t\t\t\t<div class=\"elementor-element elementor-element-de895e5 elementor-widget elementor-widget-heading\" data-id=\"de895e5\" data-element_type=\"widget\" data-e-type=\"widget\" data-widget_type=\"heading.default\">\n\t\t\t\t<div class=\"elementor-widget-container\">\n\t\t\t\t\t<h3 class=\"elementor-heading-title elementor-size-default\">Die Verben \"haben\", \"sein\" und \"werden\"<\/h3>\t\t\t\t<\/div>\n\t\t\t\t<\/div>\n\t\t\t\t<div class=\"elementor-element elementor-element-b3a84b7 elementor-widget elementor-widget-text-editor\" data-id=\"b3a84b7\" data-element_type=\"widget\" data-e-type=\"widget\" data-widget_type=\"text-editor.default\">\n\t\t\t\t<div class=\"elementor-widget-container\">\n\t\t\t\t\t\t\t\t\t<p>Hilfsverben und Vollverben einfach erkl\u00e4rt \u2013 mit anschaulichen Beispielen, hilfreichen \u00dcbungen und praktischen Konjugationstabellen f\u00fcr deinen Lernerfolg.\u201c<\/p>\t\t\t\t\t\t\t\t<\/div>\n\t\t\t\t<\/div>\n\t\t\t\t<div class=\"elementor-element elementor-element-33f2d6b elementor-align-center elementor-widget elementor-widget-button\" data-id=\"33f2d6b\" data-element_type=\"widget\" data-e-type=\"widget\" data-widget_type=\"button.default\">\n\t\t\t\t<div class=\"elementor-widget-container\">\n\t\t\t\t\t\t\t\t\t<div class=\"elementor-button-wrapper\">\n\t\t\t\t\t<a class=\"elementor-button elementor-button-link elementor-size-md\" href=\"https:\/\/t4a17e4ab.emailsys1a.net\/1\/4915\/a0dda25736\/subscribe\/form.html?_g=1659780853\">\n\t\t\t\t\t\t<span class=\"elementor-button-content-wrapper\">\n\t\t\t\t\t\t\t\t\t<span class=\"elementor-button-text\">Jetzt E-Book f\u00fcr 0,-\u20ac sichern!<\/span>\n\t\t\t\t\t<\/span>\n\t\t\t\t\t<\/a>\n\t\t\t\t<\/div>\n\t\t\t\t\t\t\t\t<\/div>\n\t\t\t\t<\/div>\n\t\t\t\t\t<\/div>\n\t\t<\/div>\n\t\t\t\t<div class=\"elementor-column elementor-col-50 elementor-inner-column elementor-element elementor-element-cac2247\" data-id=\"cac2247\" data-element_type=\"column\" data-e-type=\"column\">\n\t\t\t<div class=\"elementor-widget-wrap elementor-element-populated\">\n\t\t\t\t\t\t<div class=\"elementor-element elementor-element-cd2cbeb elementor-widget elementor-widget-image\" data-id=\"cd2cbeb\" data-element_type=\"widget\" data-e-type=\"widget\" data-widget_type=\"image.default\">\n\t\t\t\t<div class=\"elementor-widget-container\">\n\t\t\t\t\t\t\t\t\t\t\t\t\t\t\t<img fetchpriority=\"high\" decoding=\"async\" width=\"768\" height=\"768\" src=\"https:\/\/deutsch-lernen-mit-julia.com\/wp-content\/uploads\/2024\/12\/Mockups-Freebie-Instagram-Post-768x768.png\" class=\"attachment-medium_large size-medium_large wp-image-2036\" alt=\"\" srcset=\"https:\/\/deutsch-lernen-mit-julia.com\/wp-content\/uploads\/2024\/12\/Mockups-Freebie-Instagram-Post-768x768.png 768w, https:\/\/deutsch-lernen-mit-julia.com\/wp-content\/uploads\/2024\/12\/Mockups-Freebie-Instagram-Post-300x300.png 300w, https:\/\/deutsch-lernen-mit-julia.com\/wp-content\/uploads\/2024\/12\/Mockups-Freebie-Instagram-Post-1024x1024.png 1024w, https:\/\/deutsch-lernen-mit-julia.com\/wp-content\/uploads\/2024\/12\/Mockups-Freebie-Instagram-Post-150x150.png 150w, https:\/\/deutsch-lernen-mit-julia.com\/wp-content\/uploads\/2024\/12\/Mockups-Freebie-Instagram-Post-12x12.png 12w, https:\/\/deutsch-lernen-mit-julia.com\/wp-content\/uploads\/2024\/12\/Mockups-Freebie-Instagram-Post-600x600.png 600w, https:\/\/deutsch-lernen-mit-julia.com\/wp-content\/uploads\/2024\/12\/Mockups-Freebie-Instagram-Post.png 1080w\" sizes=\"(max-width: 768px) 100vw, 768px\" \/>\t\t\t\t\t\t\t\t\t\t\t\t\t\t\t<\/div>\n\t\t\t\t<\/div>\n\t\t\t\t\t<\/div>\n\t\t<\/div>\n\t\t\t\t\t<\/div>\n\t\t<\/section>\n\t\t\t\t<div class=\"elementor-element elementor-element-2181b71 elementor-hidden-mobile elementor-widget-divider--view-line elementor-widget elementor-widget-divider\" data-id=\"2181b71\" data-element_type=\"widget\" data-e-type=\"widget\" data-widget_type=\"divider.default\">\n\t\t\t\t<div class=\"elementor-widget-container\">\n\t\t\t\t\t\t\t<div class=\"elementor-divider\">\n\t\t\t<span class=\"elementor-divider-separator\">\n\t\t\t\t\t\t<\/span>\n\t\t<\/div>\n\t\t\t\t\t\t<\/div>\n\t\t\t\t<\/div>\n\t\t\t\t<div class=\"elementor-element elementor-element-6ef9191 elementor-hidden-mobile elementor-widget elementor-widget-spacer\" data-id=\"6ef9191\" data-element_type=\"widget\" data-e-type=\"widget\" data-widget_type=\"spacer.default\">\n\t\t\t\t<div class=\"elementor-widget-container\">\n\t\t\t\t\t\t\t<div class=\"elementor-spacer\">\n\t\t\t<div class=\"elementor-spacer-inner\"><\/div>\n\t\t<\/div>\n\t\t\t\t\t\t<\/div>\n\t\t\t\t<\/div>\n\t\t\t\t<div class=\"elementor-element elementor-element-898068b elementor-hidden-mobile elementor-widget elementor-widget-heading\" data-id=\"898068b\" data-element_type=\"widget\" data-e-type=\"widget\" data-widget_type=\"heading.default\">\n\t\t\t\t<div class=\"elementor-widget-container\">\n\t\t\t\t\t<h1 class=\"elementor-heading-title elementor-size-default\">Language is the key to a new world!<\/h1>\t\t\t\t<\/div>\n\t\t\t\t<\/div>\n\t\t\t\t<div class=\"elementor-element elementor-element-cd6b149 elementor-hidden-mobile elementor-widget elementor-widget-text-editor\" data-id=\"cd6b149\" data-element_type=\"widget\" data-e-type=\"widget\" data-widget_type=\"text-editor.default\">\n\t\t\t\t<div class=\"elementor-widget-container\">\n\t\t\t\t\t\t\t\t\t<p>No matter why you want to learn German, it could be your gateway to a new world and a new life. Are you ready for it?<\/p>\t\t\t\t\t\t\t\t<\/div>\n\t\t\t\t<\/div>\n\t\t\t\t\t<\/div>\n\t\t<\/div>\n\t\t\t\t\t<\/div>\n\t\t<\/section>\n\t\t<div class=\"elementor-element elementor-element-b9e279a e-flex e-con-boxed e-con e-parent\" data-id=\"b9e279a\" data-element_type=\"container\" data-e-type=\"container\">\n\t\t\t\t\t<div class=\"e-con-inner\">\n\t\t\t\t\t<\/div>\n\t\t\t\t<\/div>\n\t\t<div class=\"elementor-element elementor-element-8e787f2 e-flex e-con-boxed e-con e-parent\" data-id=\"8e787f2\" data-element_type=\"container\" data-e-type=\"container\">\n\t\t\t\t\t<div class=\"e-con-inner\">\n\t\t<div class=\"elementor-element elementor-element-fc859d0 e-con-full e-flex e-con e-child\" data-id=\"fc859d0\" data-element_type=\"container\" data-e-type=\"container\">\n\t\t\t\t<div class=\"elementor-element elementor-element-58e0be9 elementor-widget elementor-widget-text-editor\" data-id=\"58e0be9\" data-element_type=\"widget\" data-e-type=\"widget\" data-widget_type=\"text-editor.default\">\n\t\t\t\t<div class=\"elementor-widget-container\">\n\t\t\t\t\t\t\t\t\t<p><b>Hello, I am Julia! <\/b><\/p><p>I am a certified teacher of German as a foreign and second language.<\/p><p>I help you to improve your German or prepare for your next exam. A pleasant learning atmosphere and fun while learning are especially important to me!<\/p><p>I teach the levels A1-C2.<\/p>\t\t\t\t\t\t\t\t<\/div>\n\t\t\t\t<\/div>\n\t\t\t\t<\/div>\n\t\t<div class=\"elementor-element elementor-element-dc4a4c1 e-con-full e-flex e-con e-child\" data-id=\"dc4a4c1\" data-element_type=\"container\" data-e-type=\"container\">\n\t\t\t\t<div class=\"elementor-element elementor-element-ec16310 elementor-widget elementor-widget-image\" data-id=\"ec16310\" data-element_type=\"widget\" data-e-type=\"widget\" data-widget_type=\"image.default\">\n\t\t\t\t<div class=\"elementor-widget-container\">\n\t\t\t\t\t\t\t\t\t\t\t\t\t\t\t<img decoding=\"async\" width=\"1024\" height=\"1024\" src=\"https:\/\/deutsch-lernen-mit-julia.com\/wp-content\/uploads\/2024\/10\/4.png\" class=\"attachment-large size-large wp-image-1649\" alt=\"\" srcset=\"https:\/\/deutsch-lernen-mit-julia.com\/wp-content\/uploads\/2024\/10\/4.png 1024w, https:\/\/deutsch-lernen-mit-julia.com\/wp-content\/uploads\/2024\/10\/4-300x300.png 300w, https:\/\/deutsch-lernen-mit-julia.com\/wp-content\/uploads\/2024\/10\/4-150x150.png 150w, https:\/\/deutsch-lernen-mit-julia.com\/wp-content\/uploads\/2024\/10\/4-768x768.png 768w, https:\/\/deutsch-lernen-mit-julia.com\/wp-content\/uploads\/2024\/10\/4-12x12.png 12w, https:\/\/deutsch-lernen-mit-julia.com\/wp-content\/uploads\/2024\/10\/4-600x600.png 600w\" sizes=\"(max-width: 1024px) 100vw, 1024px\" \/>\t\t\t\t\t\t\t\t\t\t\t\t\t\t\t<\/div>\n\t\t\t\t<\/div>\n\t\t\t\t<\/div>\n\t\t\t\t\t<\/div>\n\t\t\t\t<\/div>\n\t\t<div class=\"elementor-element elementor-element-80f5987 e-flex e-con-boxed e-con e-parent\" data-id=\"80f5987\" data-element_type=\"container\" data-e-type=\"container\">\n\t\t\t\t\t<div class=\"e-con-inner\">\n\t\t\t\t<div class=\"elementor-element elementor-element-96ee583 elementor-widget elementor-widget-spacer\" data-id=\"96ee583\" data-element_type=\"widget\" data-e-type=\"widget\" data-widget_type=\"spacer.default\">\n\t\t\t\t<div class=\"elementor-widget-container\">\n\t\t\t\t\t\t\t<div class=\"elementor-spacer\">\n\t\t\t<div class=\"elementor-spacer-inner\"><\/div>\n\t\t<\/div>\n\t\t\t\t\t\t<\/div>\n\t\t\t\t<\/div>\n\t\t\t\t\t<\/div>\n\t\t\t\t<\/div>\n\t\t<div class=\"elementor-element elementor-element-e23c579 e-flex e-con-boxed e-con e-parent\" data-id=\"e23c579\" data-element_type=\"container\" data-e-type=\"container\">\n\t\t\t\t\t<div class=\"e-con-inner\">\n\t\t\t\t<div class=\"elementor-element elementor-element-437d3e6 elementor-widget elementor-widget-heading\" data-id=\"437d3e6\" data-element_type=\"widget\" data-e-type=\"widget\" data-widget_type=\"heading.default\">\n\t\t\t\t<div class=\"elementor-widget-container\">\n\t\t\t\t\t<h2 class=\"elementor-heading-title elementor-size-default\">Meine Vision:<\/h2>\t\t\t\t<\/div>\n\t\t\t\t<\/div>\n\t\t\t\t\t<\/div>\n\t\t\t\t<\/div>\n\t\t<div class=\"elementor-element elementor-element-b5ed003 e-flex e-con-boxed e-con e-parent\" data-id=\"b5ed003\" data-element_type=\"container\" data-e-type=\"container\">\n\t\t\t\t\t<div class=\"e-con-inner\">\n\t\t\t\t<div class=\"elementor-element elementor-element-0b31630 elementor-widget elementor-widget-text-editor\" data-id=\"0b31630\" data-element_type=\"widget\" data-e-type=\"widget\" data-widget_type=\"text-editor.default\">\n\t\t\t\t<div class=\"elementor-widget-container\">\n\t\t\t\t\t\t\t\t\t<p>I want to help German learners to learn the German language. No matter where you are, with me you can improve your German online! My goal is that through the German language you have the opportunity to develop yourself and achieve your specific goals. You want to live in Germany? You want to find a good job here? You just want to get to know the language and the German culture? I can support you in this!<\/p>\t\t\t\t\t\t\t\t<\/div>\n\t\t\t\t<\/div>\n\t\t\t\t\t<\/div>\n\t\t\t\t<\/div>\n\t\t\t\t<\/div>","protected":false},"excerpt":{"rendered":"<p>Die Verben &#8222;haben&#8220;, &#8222;sein&#8220; und &#8222;werden&#8220; Hilfsverben und Vollverben einfach erkl\u00e4rt \u2013 mit anschaulichen Beispielen, hilfreichen \u00dcbungen und praktischen Konjugationstabellen f\u00fcr deinen Lernerfolg.\u201c Jetzt E-Book f\u00fcr 0,-\u20ac sichern! Sprache ist der Schl\u00fcssel zur Welt! Egal, warum du Deutsch lernen m\u00f6chtest: Es k\u00f6nnte f\u00fcr dich der Zugang zu einer neuen Welt und zu einem neuen Leben [&hellip;]<\/p>\n","protected":false},"author":1,"featured_media":0,"parent":0,"menu_order":0,"comment_status":"closed","ping_status":"closed","template":"elementor_theme","meta":{"ocean_post_layout":"","ocean_both_sidebars_style":"","ocean_both_sidebars_content_width":0,"ocean_both_sidebars_sidebars_width":0,"ocean_sidebar":"0","ocean_second_sidebar":"0","ocean_disable_margins":"enable","ocean_add_body_class":"","ocean_shortcode_before_top_bar":"","ocean_shortcode_after_top_bar":"","ocean_shortcode_before_header":"","ocean_shortcode_after_header":"","ocean_has_shortcode":"","ocean_shortcode_after_title":"","ocean_shortcode_before_footer_widgets":"","ocean_shortcode_after_footer_widgets":"","ocean_shortcode_before_footer_bottom":"","ocean_shortcode_after_footer_bottom":"","ocean_display_top_bar":"default","ocean_display_header":"default","ocean_header_style":"","ocean_center_header_left_menu":"0","ocean_custom_header_template":"0","ocean_custom_logo":0,"ocean_custom_retina_logo":0,"ocean_custom_logo_max_width":0,"ocean_custom_logo_tablet_max_width":0,"ocean_custom_logo_mobile_max_width":0,"ocean_custom_logo_max_height":0,"ocean_custom_logo_tablet_max_height":0,"ocean_custom_logo_mobile_max_height":0,"ocean_header_custom_menu":"","ocean_menu_typo_font_family":"0","ocean_menu_typo_font_subset":"","ocean_menu_typo_font_size":0,"ocean_menu_typo_font_size_tablet":0,"ocean_menu_typo_font_size_mobile":0,"ocean_menu_typo_font_size_unit":"px","ocean_menu_typo_font_weight":"","ocean_menu_typo_font_weight_tablet":"","ocean_menu_typo_font_weight_mobile":"","ocean_menu_typo_transform":"","ocean_menu_typo_transform_tablet":"","ocean_menu_typo_transform_mobile":"","ocean_menu_typo_line_height":0,"ocean_menu_typo_line_height_tablet":0,"ocean_menu_typo_line_height_mobile":0,"ocean_menu_typo_line_height_unit":"","ocean_menu_typo_spacing":0,"ocean_menu_typo_spacing_tablet":0,"ocean_menu_typo_spacing_mobile":0,"ocean_menu_typo_spacing_unit":"","ocean_menu_link_color":"","ocean_menu_link_color_hover":"","ocean_menu_link_color_active":"","ocean_menu_link_background":"","ocean_menu_link_hover_background":"","ocean_menu_link_active_background":"","ocean_menu_social_links_bg":"","ocean_menu_social_hover_links_bg":"","ocean_menu_social_links_color":"","ocean_menu_social_hover_links_color":"","ocean_disable_title":"default","ocean_disable_heading":"default","ocean_post_title":"","ocean_post_subheading":"","ocean_post_title_style":"","ocean_post_title_background_color":"","ocean_post_title_background":0,"ocean_post_title_bg_image_position":"","ocean_post_title_bg_image_attachment":"","ocean_post_title_bg_image_repeat":"","ocean_post_title_bg_image_size":"","ocean_post_title_height":0,"ocean_post_title_bg_overlay":0.5,"ocean_post_title_bg_overlay_color":"","ocean_disable_breadcrumbs":"default","ocean_breadcrumbs_color":"","ocean_breadcrumbs_separator_color":"","ocean_breadcrumbs_links_color":"","ocean_breadcrumbs_links_hover_color":"","ocean_display_footer_widgets":"default","ocean_display_footer_bottom":"default","ocean_custom_footer_template":"0","footnotes":""},"class_list":["post-30","page","type-page","status-publish","hentry","entry"],"jetpack_sharing_enabled":true,"_links":{"self":[{"href":"https:\/\/deutsch-lernen-mit-julia.com\/en\/wp-json\/wp\/v2\/pages\/30","targetHints":{"allow":["GET"]}}],"collection":[{"href":"https:\/\/deutsch-lernen-mit-julia.com\/en\/wp-json\/wp\/v2\/pages"}],"about":[{"href":"https:\/\/deutsch-lernen-mit-julia.com\/en\/wp-json\/wp\/v2\/types\/page"}],"author":[{"embeddable":true,"href":"https:\/\/deutsch-lernen-mit-julia.com\/en\/wp-json\/wp\/v2\/users\/1"}],"replies":[{"embeddable":true,"href":"https:\/\/deutsch-lernen-mit-julia.com\/en\/wp-json\/wp\/v2\/comments?post=30"}],"version-history":[{"count":80,"href":"https:\/\/deutsch-lernen-mit-julia.com\/en\/wp-json\/wp\/v2\/pages\/30\/revisions"}],"predecessor-version":[{"id":2437,"href":"https:\/\/deutsch-lernen-mit-julia.com\/en\/wp-json\/wp\/v2\/pages\/30\/revisions\/2437"}],"wp:attachment":[{"href":"https:\/\/deutsch-lernen-mit-julia.com\/en\/wp-json\/wp\/v2\/media?parent=30"}],"curies":[{"name":"wp","href":"https:\/\/api.w.org\/{rel}","templated":true}]}}