{"id":1763,"date":"2024-10-15T09:49:30","date_gmt":"2024-10-15T09:49:30","guid":{"rendered":"https:\/\/deutsch-lernen-mit-julia.com\/?page_id=1763"},"modified":"2024-10-17T09:05:57","modified_gmt":"2024-10-17T09:05:57","slug":"agb-community","status":"publish","type":"page","link":"https:\/\/deutsch-lernen-mit-julia.com\/en\/agb-community\/","title":{"rendered":"AGB-Community"},"content":{"rendered":"<div data-elementor-type=\"wp-page\" data-elementor-id=\"1763\" class=\"elementor elementor-1763\" data-elementor-post-type=\"page\">\n\t\t\t\t\t\t<section class=\"elementor-section elementor-top-section elementor-element elementor-element-50f61fba elementor-section-boxed elementor-section-height-default elementor-section-height-default\" data-id=\"50f61fba\" data-element_type=\"section\" data-e-type=\"section\">\n\t\t\t\t\t\t<div class=\"elementor-container elementor-column-gap-default\">\n\t\t\t\t\t<div class=\"elementor-column elementor-col-100 elementor-top-column elementor-element elementor-element-585537a3\" data-id=\"585537a3\" data-element_type=\"column\" data-e-type=\"column\">\n\t\t\t<div class=\"elementor-widget-wrap elementor-element-populated\">\n\t\t\t\t\t\t<div class=\"elementor-element elementor-element-604d550c elementor-widget elementor-widget-heading\" data-id=\"604d550c\" data-element_type=\"widget\" data-e-type=\"widget\" data-widget_type=\"heading.default\">\n\t\t\t\t<div class=\"elementor-widget-container\">\n\t\t\t\t\t<h1 class=\"elementor-heading-title elementor-size-default\">Allgemeine Gesch\u00e4ftbedingungen<\/h1>\t\t\t\t<\/div>\n\t\t\t\t<\/div>\n\t\t\t\t\t<\/div>\n\t\t<\/div>\n\t\t\t\t\t<\/div>\n\t\t<\/section>\n\t\t\t\t<section class=\"elementor-section elementor-top-section elementor-element elementor-element-451aee89 elementor-section-boxed elementor-section-height-default elementor-section-height-default\" data-id=\"451aee89\" data-element_type=\"section\" data-e-type=\"section\">\n\t\t\t\t\t\t<div class=\"elementor-container elementor-column-gap-default\">\n\t\t\t\t\t<div class=\"elementor-column elementor-col-100 elementor-top-column elementor-element elementor-element-2774b3a9\" data-id=\"2774b3a9\" data-element_type=\"column\" data-e-type=\"column\">\n\t\t\t<div class=\"elementor-widget-wrap elementor-element-populated\">\n\t\t\t\t\t\t<div class=\"elementor-element elementor-element-4a5a32d elementor-widget elementor-widget-text-editor\" data-id=\"4a5a32d\" data-element_type=\"widget\" data-e-type=\"widget\" data-widget_type=\"text-editor.default\">\n\t\t\t\t<div class=\"elementor-widget-container\">\n\t\t\t\t\t\t\t\t\t<p><i>Deutsch lernen mit Julia<\/i><\/p>\n<p>Inh. Julia Kiepurning<\/p>\n<p>In der Sandkaul 31a<\/p>\n<p>66822 Lebach<\/p>\n<p><\/p>\n<p><br><\/p>\t\t\t\t\t\t\t\t<\/div>\n\t\t\t\t<\/div>\n\t\t\t\t<div class=\"elementor-element elementor-element-5bb19e2 elementor-widget elementor-widget-text-editor\" data-id=\"5bb19e2\" data-element_type=\"widget\" data-e-type=\"widget\" data-widget_type=\"text-editor.default\">\n\t\t\t\t<div class=\"elementor-widget-container\">\n\t\t\t\t\t\t\t\t\t<p>Lesen Sie unsere Allgemeinen Gesch\u00e4ftsbedingungen (AGBs) bitte sorgf\u00e4ltig durch.<\/p>\t\t\t\t\t\t\t\t<\/div>\n\t\t\t\t<\/div>\n\t\t\t\t\t<\/div>\n\t\t<\/div>\n\t\t\t\t\t<\/div>\n\t\t<\/section>\n\t\t\t\t<section class=\"elementor-section elementor-top-section elementor-element elementor-element-b5354 elementor-section-boxed elementor-section-height-default elementor-section-height-default\" data-id=\"b5354\" data-element_type=\"section\" data-e-type=\"section\">\n\t\t\t\t\t\t<div class=\"elementor-container elementor-column-gap-default\">\n\t\t\t\t\t<div class=\"elementor-column elementor-col-100 elementor-top-column elementor-element elementor-element-40d5247a\" data-id=\"40d5247a\" data-element_type=\"column\" data-e-type=\"column\">\n\t\t\t<div class=\"elementor-widget-wrap elementor-element-populated\">\n\t\t\t\t\t\t<div class=\"elementor-element elementor-element-61235594 elementor-widget elementor-widget-heading\" data-id=\"61235594\" data-element_type=\"widget\" data-e-type=\"widget\" data-widget_type=\"heading.default\">\n\t\t\t\t<div class=\"elementor-widget-container\">\n\t\t\t\t\t<h2 class=\"elementor-heading-title elementor-size-default\">\u00a7 1 - Geltunsbereich<\/h2>\t\t\t\t<\/div>\n\t\t\t\t<\/div>\n\t\t\t\t<div class=\"elementor-element elementor-element-1907b78b elementor-widget elementor-widget-text-editor\" data-id=\"1907b78b\" data-element_type=\"widget\" data-e-type=\"widget\" data-widget_type=\"text-editor.default\">\n\t\t\t\t<div class=\"elementor-widget-container\">\n\t\t\t\t\t\t\t\t\t<p>Die vorliegenden AGB gelten f\u00fcr &#8222;<i>Julias Deutsch-Community<\/i>&#8222;, die auf unserer Webseite gebucht werden kann. Dieses Produkt richtet sich ausschlie\u00dflich an Verbraucher. Als Verbraucher gilt, wer eine Bestellung nicht aufgrund seiner gewerblichen, selbstst\u00e4ndigen oder freiberuflichen T\u00e4tigkeit ausf\u00fchrt.<\/p><p>F\u00fcr die Abwicklung eines mit uns abgeschlossenen Vertrages ist jeweils die Fassung der AGB ma\u00dfgeblich, die zum Zeitpunkt der Bestellung g\u00fcltig war.<\/p>\t\t\t\t\t\t\t\t<\/div>\n\t\t\t\t<\/div>\n\t\t\t\t\t<\/div>\n\t\t<\/div>\n\t\t\t\t\t<\/div>\n\t\t<\/section>\n\t\t\t\t<section class=\"elementor-section elementor-top-section elementor-element elementor-element-42a40654 elementor-section-boxed elementor-section-height-default elementor-section-height-default\" data-id=\"42a40654\" data-element_type=\"section\" data-e-type=\"section\">\n\t\t\t\t\t\t<div class=\"elementor-container elementor-column-gap-default\">\n\t\t\t\t\t<div class=\"elementor-column elementor-col-100 elementor-top-column elementor-element elementor-element-37bc6d60\" data-id=\"37bc6d60\" data-element_type=\"column\" data-e-type=\"column\">\n\t\t\t<div class=\"elementor-widget-wrap elementor-element-populated\">\n\t\t\t\t\t\t<div class=\"elementor-element elementor-element-302d11fd elementor-widget elementor-widget-heading\" data-id=\"302d11fd\" data-element_type=\"widget\" data-e-type=\"widget\" data-widget_type=\"heading.default\">\n\t\t\t\t<div class=\"elementor-widget-container\">\n\t\t\t\t\t<h2 class=\"elementor-heading-title elementor-size-default\">\u00a7 2 - Leistungsbeschreibung<\/h2>\t\t\t\t<\/div>\n\t\t\t\t<\/div>\n\t\t\t\t<div class=\"elementor-element elementor-element-1f1cba32 elementor-widget elementor-widget-text-editor\" data-id=\"1f1cba32\" data-element_type=\"widget\" data-e-type=\"widget\" data-widget_type=\"text-editor.default\">\n\t\t\t\t<div class=\"elementor-widget-container\">\n\t\t\t\t\t\t\t\t\t<p>&#8222;<i>Julias Deutsch-Community<\/i>&#8220; richtet sich an Deutschlernende ab dem Niveau A2. Innerhalb der Community haben die Teilnehmer:innen Zugang zu verschiedenen Kan\u00e4len, in denen sie mit anderen Teilnehmer:innen kommunizieren k\u00f6nnen. Au\u00dferdem stehen den Teilnehmer:innen verschiedene Materialien zum Download zur Verf\u00fcgung, die in unregelm\u00e4\u00dfigen Abst\u00e4nden und nach den Interessen der Teilnehmer:innen erg\u00e4nzt werden k\u00f6nnen. Es finden monatliche Treffen bei Zoom statt, in denen die Teilnehmer:innen Fragen stellen k\u00f6nnen. Diese Fragen m\u00fcssen zuvor per Mail eingereicht werden. Je nach Anzahl der Fragen ist es m\u00f6glich, dass nur einige Fragen perZufallsprinzip ausgew\u00e4hlt werden.<\/p>\t\t\t\t\t\t\t\t<\/div>\n\t\t\t\t<\/div>\n\t\t\t\t\t<\/div>\n\t\t<\/div>\n\t\t\t\t\t<\/div>\n\t\t<\/section>\n\t\t\t\t<section class=\"elementor-section elementor-top-section elementor-element elementor-element-9de4a69 elementor-section-boxed elementor-section-height-default elementor-section-height-default\" data-id=\"9de4a69\" data-element_type=\"section\" data-e-type=\"section\">\n\t\t\t\t\t\t<div class=\"elementor-container elementor-column-gap-default\">\n\t\t\t\t\t<div class=\"elementor-column elementor-col-100 elementor-top-column elementor-element elementor-element-57f25e6a\" data-id=\"57f25e6a\" data-element_type=\"column\" data-e-type=\"column\">\n\t\t\t<div class=\"elementor-widget-wrap elementor-element-populated\">\n\t\t\t\t\t\t<div class=\"elementor-element elementor-element-5f0d3e13 elementor-widget elementor-widget-heading\" data-id=\"5f0d3e13\" data-element_type=\"widget\" data-e-type=\"widget\" data-widget_type=\"heading.default\">\n\t\t\t\t<div class=\"elementor-widget-container\">\n\t\t\t\t\t<h2 class=\"elementor-heading-title elementor-size-default\">\u00a7 3 - Vertragsabschluss<\/h2>\t\t\t\t<\/div>\n\t\t\t\t<\/div>\n\t\t\t\t<div class=\"elementor-element elementor-element-704503ce elementor-widget elementor-widget-text-editor\" data-id=\"704503ce\" data-element_type=\"widget\" data-e-type=\"widget\" data-widget_type=\"text-editor.default\">\n\t\t\t\t<div class=\"elementor-widget-container\">\n\t\t\t\t\t\t\t\t\t<p>Durch die Anmeldung zur Community erfolgt ein Vetragsschluss zwischen dem Kunden \/ der Kunden und dem Unternehmen <i>Deutsch lernen mit Julia<\/i>. Die Anmeldung erfolgt \u00fcber ein Online-Formular.<\/p><p>Durch die Anmeldung verpflichtet sich der Kunde \/ die Kundin, das Abonnement monatlich zur gleichen Zeit zu zahlen, bis der Vertrag gek\u00fcndigt wird. Die Bezahlung kann per PayPal oder per Kreditkarte get\u00e4tigt werden.<\/p>\t\t\t\t\t\t\t\t<\/div>\n\t\t\t\t<\/div>\n\t\t\t\t\t<\/div>\n\t\t<\/div>\n\t\t\t\t\t<\/div>\n\t\t<\/section>\n\t\t\t\t<section class=\"elementor-section elementor-top-section elementor-element elementor-element-7989a373 elementor-section-boxed elementor-section-height-default elementor-section-height-default\" data-id=\"7989a373\" data-element_type=\"section\" data-e-type=\"section\">\n\t\t\t\t\t\t<div class=\"elementor-container elementor-column-gap-default\">\n\t\t\t\t\t<div class=\"elementor-column elementor-col-100 elementor-top-column elementor-element elementor-element-16676a89\" data-id=\"16676a89\" data-element_type=\"column\" data-e-type=\"column\">\n\t\t\t<div class=\"elementor-widget-wrap elementor-element-populated\">\n\t\t\t\t\t\t<div class=\"elementor-element elementor-element-3ed12795 elementor-widget elementor-widget-heading\" data-id=\"3ed12795\" data-element_type=\"widget\" data-e-type=\"widget\" data-widget_type=\"heading.default\">\n\t\t\t\t<div class=\"elementor-widget-container\">\n\t\t\t\t\t<h2 class=\"elementor-heading-title elementor-size-default\">\u00a7 4 - Preise und Zahlungsmodalit\u00e4ten<\/h2>\t\t\t\t<\/div>\n\t\t\t\t<\/div>\n\t\t\t\t<div class=\"elementor-element elementor-element-308551c6 elementor-widget elementor-widget-text-editor\" data-id=\"308551c6\" data-element_type=\"widget\" data-e-type=\"widget\" data-widget_type=\"text-editor.default\">\n\t\t\t\t<div class=\"elementor-widget-container\">\n\t\t\t\t\t\t\t\t\t<p><i>Julias Deutsch-Community<\/i> hat einen regul\u00e4ren Preis von 19\u20ac pro Monat (inkl. gesetzlicher MwSt.). Das Unternehmen beh\u00e4lt sich das Recht vor, den Preis tempor\u00e4r im Sinne von Sonderangeboten zu reduzieren. Ein Anspruch auf einen verminderten Preis besteht nicht.<\/p><p>Die erste Zahlung wird direkt nach Buchung f\u00e4llig. Da es sich um ein Abonnement handelt, sind die Zahlungen in den Folgemonaten jeweils zum selben Tag des Monats f\u00e4llig wie die Buchung.<\/p>\t\t\t\t\t\t\t\t<\/div>\n\t\t\t\t<\/div>\n\t\t\t\t\t<\/div>\n\t\t<\/div>\n\t\t\t\t\t<\/div>\n\t\t<\/section>\n\t\t\t\t<section class=\"elementor-section elementor-top-section elementor-element elementor-element-5c258896 elementor-section-boxed elementor-section-height-default elementor-section-height-default\" data-id=\"5c258896\" data-element_type=\"section\" data-e-type=\"section\">\n\t\t\t\t\t\t<div class=\"elementor-container elementor-column-gap-default\">\n\t\t\t\t\t<div class=\"elementor-column elementor-col-100 elementor-top-column elementor-element elementor-element-3fb8907b\" data-id=\"3fb8907b\" data-element_type=\"column\" data-e-type=\"column\">\n\t\t\t<div class=\"elementor-widget-wrap elementor-element-populated\">\n\t\t\t\t\t\t<div class=\"elementor-element elementor-element-22bb3f55 elementor-widget elementor-widget-heading\" data-id=\"22bb3f55\" data-element_type=\"widget\" data-e-type=\"widget\" data-widget_type=\"heading.default\">\n\t\t\t\t<div class=\"elementor-widget-container\">\n\t\t\t\t\t<h2 class=\"elementor-heading-title elementor-size-default\">\u00a7 5 - Nutzungsrechte und Inhalt<\/h2>\t\t\t\t<\/div>\n\t\t\t\t<\/div>\n\t\t\t\t<div class=\"elementor-element elementor-element-1c183f18 elementor-widget elementor-widget-text-editor\" data-id=\"1c183f18\" data-element_type=\"widget\" data-e-type=\"widget\" data-widget_type=\"text-editor.default\">\n\t\t\t\t<div class=\"elementor-widget-container\">\n\t\t\t\t\t\t\t\t\t<p>Die in der Community geteilten und zur Verf\u00fcgung gestellten Inhalte (z.B. in Form von PDF-Dokumenten oder Videos) unterliegen dem Urheberrecht. Den Teilnehmer:innen ist es daher untersagt, die Inhalte ohne Erlaubnis zu kopieren, zu verbreiten oder kommerziell zu nutzen.<\/p><p>Es ist den Teilnehmer:inenn au\u00dferdem untersagt, Materialien von anderen Sprachschulen in die Community hochzuladen und dort zu verbreiten.<\/p>\t\t\t\t\t\t\t\t<\/div>\n\t\t\t\t<\/div>\n\t\t\t\t\t<\/div>\n\t\t<\/div>\n\t\t\t\t\t<\/div>\n\t\t<\/section>\n\t\t\t\t<section class=\"elementor-section elementor-top-section elementor-element elementor-element-331ae94d elementor-section-boxed elementor-section-height-default elementor-section-height-default\" data-id=\"331ae94d\" data-element_type=\"section\" data-e-type=\"section\">\n\t\t\t\t\t\t<div class=\"elementor-container elementor-column-gap-default\">\n\t\t\t\t\t<div class=\"elementor-column elementor-col-100 elementor-top-column elementor-element elementor-element-6577d96e\" data-id=\"6577d96e\" data-element_type=\"column\" data-e-type=\"column\">\n\t\t\t<div class=\"elementor-widget-wrap elementor-element-populated\">\n\t\t\t\t\t\t<div class=\"elementor-element elementor-element-5550c637 elementor-widget elementor-widget-heading\" data-id=\"5550c637\" data-element_type=\"widget\" data-e-type=\"widget\" data-widget_type=\"heading.default\">\n\t\t\t\t<div class=\"elementor-widget-container\">\n\t\t\t\t\t<h2 class=\"elementor-heading-title elementor-size-default\">\u00a7 6 - Haftungsausschluss<\/h2>\t\t\t\t<\/div>\n\t\t\t\t<\/div>\n\t\t\t\t<div class=\"elementor-element elementor-element-b5e3aa8 elementor-widget elementor-widget-text-editor\" data-id=\"b5e3aa8\" data-element_type=\"widget\" data-e-type=\"widget\" data-widget_type=\"text-editor.default\">\n\t\t\t\t<div class=\"elementor-widget-container\">\n\t\t\t\t\t\t\t\t\t<p>Das Unternehmen Deutsch lernen mit Julia \u00fcbernimmt keine Haftung f\u00fcr technische Probleme. Diese obliegen dem Betreiber der Plattform. <i>Deutsch lernen mit Julia<\/i> bem\u00fcht sich jedoch stets um eine zeitnahe Behebung der etwaigen Probleme durch den Betreiber der Plattform. Die Teilnehmer:innen haben in diesem Fall jedoch keinen Anspruch auf eine R\u00fcckzahlung des Mitgliedsbeitrages. Weiterhin ist Deutsch lernen mit Julia nicht haftbar f\u00fcr den Lernerfolg der Teilnehmer:innen.<\/p>\t\t\t\t\t\t\t\t<\/div>\n\t\t\t\t<\/div>\n\t\t\t\t\t<\/div>\n\t\t<\/div>\n\t\t\t\t\t<\/div>\n\t\t<\/section>\n\t\t\t\t<section class=\"elementor-section elementor-top-section elementor-element elementor-element-38b25b04 elementor-section-boxed elementor-section-height-default elementor-section-height-default\" data-id=\"38b25b04\" data-element_type=\"section\" data-e-type=\"section\">\n\t\t\t\t\t\t<div class=\"elementor-container elementor-column-gap-default\">\n\t\t\t\t\t<div class=\"elementor-column elementor-col-100 elementor-top-column elementor-element elementor-element-5117cd43\" data-id=\"5117cd43\" data-element_type=\"column\" data-e-type=\"column\">\n\t\t\t<div class=\"elementor-widget-wrap elementor-element-populated\">\n\t\t\t\t\t\t<div class=\"elementor-element elementor-element-41f31583 elementor-widget elementor-widget-heading\" data-id=\"41f31583\" data-element_type=\"widget\" data-e-type=\"widget\" data-widget_type=\"heading.default\">\n\t\t\t\t<div class=\"elementor-widget-container\">\n\t\t\t\t\t<h2 class=\"elementor-heading-title elementor-size-default\">\u00a7 7 - K\u00fcndigung und Laufzeit<\/h2>\t\t\t\t<\/div>\n\t\t\t\t<\/div>\n\t\t\t\t<div class=\"elementor-element elementor-element-15e148ce elementor-widget__width-initial elementor-widget elementor-widget-text-editor\" data-id=\"15e148ce\" data-element_type=\"widget\" data-e-type=\"widget\" data-widget_type=\"text-editor.default\">\n\t\t\t\t<div class=\"elementor-widget-container\">\n\t\t\t\t\t\t\t\t\t<p>Eine K\u00fcndigung kann ohne Angabe von Gr\u00fcnden monatlich zum jeweils letzten Tag des Monats erfolgen. Das Abonnement f\u00fcr <i>Julias Deutsch-Community<\/i> wird automatisch jeden Monat verl\u00e4ngert, wenn keine K\u00fcndigung stattfindet. <\/p><p>Sofern seitens des Betreibers der Entschluss gefasst wird, die Community dauerhaft aufzul\u00f6sen, erfolgt die automatische Aufl\u00f6sung s\u00e4mtlicher bestehender vertraglicher Vereinbarungen, wodurch alle im Zusammenhang stehenden Abbuchungsprozesse unverz\u00fcglich und endg\u00fcltig eingestellt werden.<\/p><p>Da es sich um ein digitales Produkt mit direktem Zugang zu einem Mitgliederbereich handelt, verzichtet der Kunde \/ die Kundin auf das Widerrufsrecht.<\/p>\t\t\t\t\t\t\t\t<\/div>\n\t\t\t\t<\/div>\n\t\t\t\t\t<\/div>\n\t\t<\/div>\n\t\t\t\t\t<\/div>\n\t\t<\/section>\n\t\t\t\t<section class=\"elementor-section elementor-top-section elementor-element elementor-element-677588d elementor-section-boxed elementor-section-height-default elementor-section-height-default\" data-id=\"677588d\" data-element_type=\"section\" data-e-type=\"section\">\n\t\t\t\t\t\t<div class=\"elementor-container elementor-column-gap-default\">\n\t\t\t\t\t<div class=\"elementor-column elementor-col-100 elementor-top-column elementor-element elementor-element-510d4435\" data-id=\"510d4435\" data-element_type=\"column\" data-e-type=\"column\">\n\t\t\t<div class=\"elementor-widget-wrap elementor-element-populated\">\n\t\t\t\t\t\t<div class=\"elementor-element elementor-element-5455fb8e elementor-widget elementor-widget-heading\" data-id=\"5455fb8e\" data-element_type=\"widget\" data-e-type=\"widget\" data-widget_type=\"heading.default\">\n\t\t\t\t<div class=\"elementor-widget-container\">\n\t\t\t\t\t<h2 class=\"elementor-heading-title elementor-size-default\">\u00a7 8 - Verhaltensregeln innerhalb der Community<\/h2>\t\t\t\t<\/div>\n\t\t\t\t<\/div>\n\t\t\t\t<div class=\"elementor-element elementor-element-6c41bb9f elementor-widget elementor-widget-text-editor\" data-id=\"6c41bb9f\" data-element_type=\"widget\" data-e-type=\"widget\" data-widget_type=\"text-editor.default\">\n\t\t\t\t<div class=\"elementor-widget-container\">\n\t\t\t\t\t\t\t\t\t<p>Die Teilnehmer:innen verpflichten sich, respektvoll miteinander umzugehen. Diskriminierungen aller Art werden nicht geduldet. Au\u00dferdem ist es nicht gestattet, fremde Materialien von anderen Unternehmen oder Sprachschulen hochzuladen und zu verbreiten. Bei Versto\u00df behalten wir uns das Recht vor, den\/die Teilnehmer\/in von der Community auszuschlie\u00dfen und den Account zu sperren. Der Vertrag wird in diesem Fall automatisch zum Folgemonat gek\u00fcndigt.<\/p>\t\t\t\t\t\t\t\t<\/div>\n\t\t\t\t<\/div>\n\t\t\t\t\t<\/div>\n\t\t<\/div>\n\t\t\t\t\t<\/div>\n\t\t<\/section>\n\t\t\t\t<section class=\"elementor-section elementor-top-section elementor-element elementor-element-5f25cba3 elementor-section-boxed elementor-section-height-default elementor-section-height-default\" data-id=\"5f25cba3\" data-element_type=\"section\" data-e-type=\"section\">\n\t\t\t\t\t\t<div class=\"elementor-container elementor-column-gap-default\">\n\t\t\t\t\t<div class=\"elementor-column elementor-col-100 elementor-top-column elementor-element elementor-element-47142467\" data-id=\"47142467\" data-element_type=\"column\" data-e-type=\"column\">\n\t\t\t<div class=\"elementor-widget-wrap elementor-element-populated\">\n\t\t\t\t\t\t<div class=\"elementor-element elementor-element-12a0aa2c elementor-widget elementor-widget-heading\" data-id=\"12a0aa2c\" data-element_type=\"widget\" data-e-type=\"widget\" data-widget_type=\"heading.default\">\n\t\t\t\t<div class=\"elementor-widget-container\">\n\t\t\t\t\t<h2 class=\"elementor-heading-title elementor-size-default\">\u00a7 9 - Datenschutz<\/h2>\t\t\t\t<\/div>\n\t\t\t\t<\/div>\n\t\t\t\t<div class=\"elementor-element elementor-element-a192c39 elementor-widget elementor-widget-text-editor\" data-id=\"a192c39\" data-element_type=\"widget\" data-e-type=\"widget\" data-widget_type=\"text-editor.default\">\n\t\t\t\t<div class=\"elementor-widget-container\">\n\t\t\t\t\t\t\t\t\t<p>Informationen zum Datenschutz entnehmen Sie bitte unseren <a href=\"https:\/\/deutsch-lernen-mit-julia.com\/en\/datenschutz\/\">Informationen zum Datenschutz<\/a>.<\/p>\t\t\t\t\t\t\t\t<\/div>\n\t\t\t\t<\/div>\n\t\t\t\t\t<\/div>\n\t\t<\/div>\n\t\t\t\t\t<\/div>\n\t\t<\/section>\n\t\t\t\t<section class=\"elementor-section elementor-top-section elementor-element elementor-element-a0465e0 elementor-section-boxed elementor-section-height-default elementor-section-height-default\" data-id=\"a0465e0\" data-element_type=\"section\" data-e-type=\"section\">\n\t\t\t\t\t\t<div class=\"elementor-container elementor-column-gap-default\">\n\t\t\t\t\t<div class=\"elementor-column elementor-col-100 elementor-top-column elementor-element elementor-element-6bf5f5a3\" data-id=\"6bf5f5a3\" data-element_type=\"column\" data-e-type=\"column\">\n\t\t\t<div class=\"elementor-widget-wrap elementor-element-populated\">\n\t\t\t\t\t\t<div class=\"elementor-element elementor-element-7bab5bc6 elementor-widget elementor-widget-heading\" data-id=\"7bab5bc6\" data-element_type=\"widget\" data-e-type=\"widget\" data-widget_type=\"heading.default\">\n\t\t\t\t<div class=\"elementor-widget-container\">\n\t\t\t\t\t<h2 class=\"elementor-heading-title elementor-size-default\">\u00a710 - \u00c4nderung der AGB<\/h2>\t\t\t\t<\/div>\n\t\t\t\t<\/div>\n\t\t\t\t<div class=\"elementor-element elementor-element-282cd06d elementor-widget elementor-widget-text-editor\" data-id=\"282cd06d\" data-element_type=\"widget\" data-e-type=\"widget\" data-widget_type=\"text-editor.default\">\n\t\t\t\t<div class=\"elementor-widget-container\">\n\t\t\t\t\t\t\t\t\t<p>Wir behalten uns das Recht vor, die Allgemeinen Gesch\u00e4ftsbedingungen bei Bedarf anzupassen. In diesem Fall werden die aktiven Kunden und Kundinnen \u00fcber die \u00c4nderung per E-Mail informiert.<\/p>\t\t\t\t\t\t\t\t<\/div>\n\t\t\t\t<\/div>\n\t\t\t\t\t<\/div>\n\t\t<\/div>\n\t\t\t\t\t<\/div>\n\t\t<\/section>\n\t\t\t\t<\/div>","protected":false},"excerpt":{"rendered":"<p>Allgemeine Gesch\u00e4ftbedingungen Deutsch lernen mit Julia Inh. Julia Kiepurning In der Sandkaul 31a 66822 Lebach Lesen Sie unsere Allgemeinen Gesch\u00e4ftsbedingungen (AGBs) bitte sorgf\u00e4ltig durch. \u00a7 1 &#8211; Geltunsbereich Die vorliegenden AGB gelten f\u00fcr &#8222;Julias Deutsch-Community&#8222;, die auf unserer Webseite gebucht werden kann. Dieses Produkt richtet sich ausschlie\u00dflich an Verbraucher. Als Verbraucher gilt, wer eine Bestellung [&hellip;]<\/p>\n","protected":false},"author":1,"featured_media":0,"parent":0,"menu_order":0,"comment_status":"closed","ping_status":"closed","template":"elementor_canvas","meta":{"ocean_post_layout":"","ocean_both_sidebars_style":"","ocean_both_sidebars_content_width":0,"ocean_both_sidebars_sidebars_width":0,"ocean_sidebar":"","ocean_second_sidebar":"","ocean_disable_margins":"enable","ocean_add_body_class":"","ocean_shortcode_before_top_bar":"","ocean_shortcode_after_top_bar":"","ocean_shortcode_before_header":"","ocean_shortcode_after_header":"","ocean_has_shortcode":"","ocean_shortcode_after_title":"","ocean_shortcode_before_footer_widgets":"","ocean_shortcode_after_footer_widgets":"","ocean_shortcode_before_footer_bottom":"","ocean_shortcode_after_footer_bottom":"","ocean_display_top_bar":"default","ocean_display_header":"default","ocean_header_style":"","ocean_center_header_left_menu":"","ocean_custom_header_template":"","ocean_custom_logo":0,"ocean_custom_retina_logo":0,"ocean_custom_logo_max_width":0,"ocean_custom_logo_tablet_max_width":0,"ocean_custom_logo_mobile_max_width":0,"ocean_custom_logo_max_height":0,"ocean_custom_logo_tablet_max_height":0,"ocean_custom_logo_mobile_max_height":0,"ocean_header_custom_menu":"","ocean_menu_typo_font_family":"","ocean_menu_typo_font_subset":"","ocean_menu_typo_font_size":0,"ocean_menu_typo_font_size_tablet":0,"ocean_menu_typo_font_size_mobile":0,"ocean_menu_typo_font_size_unit":"px","ocean_menu_typo_font_weight":"","ocean_menu_typo_font_weight_tablet":"","ocean_menu_typo_font_weight_mobile":"","ocean_menu_typo_transform":"","ocean_menu_typo_transform_tablet":"","ocean_menu_typo_transform_mobile":"","ocean_menu_typo_line_height":0,"ocean_menu_typo_line_height_tablet":0,"ocean_menu_typo_line_height_mobile":0,"ocean_menu_typo_line_height_unit":"","ocean_menu_typo_spacing":0,"ocean_menu_typo_spacing_tablet":0,"ocean_menu_typo_spacing_mobile":0,"ocean_menu_typo_spacing_unit":"","ocean_menu_link_color":"","ocean_menu_link_color_hover":"","ocean_menu_link_color_active":"","ocean_menu_link_background":"","ocean_menu_link_hover_background":"","ocean_menu_link_active_background":"","ocean_menu_social_links_bg":"","ocean_menu_social_hover_links_bg":"","ocean_menu_social_links_color":"","ocean_menu_social_hover_links_color":"","ocean_disable_title":"default","ocean_disable_heading":"default","ocean_post_title":"","ocean_post_subheading":"","ocean_post_title_style":"","ocean_post_title_background_color":"","ocean_post_title_background":0,"ocean_post_title_bg_image_position":"","ocean_post_title_bg_image_attachment":"","ocean_post_title_bg_image_repeat":"","ocean_post_title_bg_image_size":"","ocean_post_title_height":0,"ocean_post_title_bg_overlay":0.5,"ocean_post_title_bg_overlay_color":"","ocean_disable_breadcrumbs":"default","ocean_breadcrumbs_color":"","ocean_breadcrumbs_separator_color":"","ocean_breadcrumbs_links_color":"","ocean_breadcrumbs_links_hover_color":"","ocean_display_footer_widgets":"default","ocean_display_footer_bottom":"default","ocean_custom_footer_template":"","footnotes":""},"class_list":["post-1763","page","type-page","status-publish","hentry","entry"],"jetpack_sharing_enabled":true,"_links":{"self":[{"href":"https:\/\/deutsch-lernen-mit-julia.com\/en\/wp-json\/wp\/v2\/pages\/1763","targetHints":{"allow":["GET"]}}],"collection":[{"href":"https:\/\/deutsch-lernen-mit-julia.com\/en\/wp-json\/wp\/v2\/pages"}],"about":[{"href":"https:\/\/deutsch-lernen-mit-julia.com\/en\/wp-json\/wp\/v2\/types\/page"}],"author":[{"embeddable":true,"href":"https:\/\/deutsch-lernen-mit-julia.com\/en\/wp-json\/wp\/v2\/users\/1"}],"replies":[{"embeddable":true,"href":"https:\/\/deutsch-lernen-mit-julia.com\/en\/wp-json\/wp\/v2\/comments?post=1763"}],"version-history":[{"count":25,"href":"https:\/\/deutsch-lernen-mit-julia.com\/en\/wp-json\/wp\/v2\/pages\/1763\/revisions"}],"predecessor-version":[{"id":1832,"href":"https:\/\/deutsch-lernen-mit-julia.com\/en\/wp-json\/wp\/v2\/pages\/1763\/revisions\/1832"}],"wp:attachment":[{"href":"https:\/\/deutsch-lernen-mit-julia.com\/en\/wp-json\/wp\/v2\/media?parent=1763"}],"curies":[{"name":"wp","href":"https:\/\/api.w.org\/{rel}","templated":true}]}}